{"id":8783,"date":"2016-01-20T12:17:09","date_gmt":"2016-01-20T11:17:09","guid":{"rendered":"https:\/\/www.billotdedecoupe.fr\/mentions-legales\/"},"modified":"2020-08-25T17:35:43","modified_gmt":"2020-08-25T16:35:43","slug":"legal-notices","status":"publish","type":"page","link":"https:\/\/www.billotdedecoupe.fr\/en\/legal-notices\/","title":{"rendered":"Legal notices"},"content":{"rendered":"\t\t<div data-elementor-type=\"wp-page\" data-elementor-id=\"8783\" class=\"elementor elementor-8783 elementor-2453\" data-elementor-post-type=\"page\">\n\t\t\t\t\t\t<section class=\"elementor-section elementor-top-section elementor-element elementor-element-8e76a04 elementor-section-stretched elementor-section-full_width elementor-section-height-min-height elementor-section-items-bottom elementor-section-height-default\" data-id=\"8e76a04\" data-element_type=\"section\" data-settings=\"{&quot;stretch_section&quot;:&quot;section-stretched&quot;,&quot;background_background&quot;:&quot;classic&quot;}\">\n\t\t\t\t\t\t\t<div class=\"elementor-background-overlay\"><\/div>\n\t\t\t\t\t\t\t<div class=\"elementor-container elementor-column-gap-default\">\n\t\t\t\t\t<div class=\"elementor-column elementor-col-100 elementor-top-column elementor-element elementor-element-4725a00\" data-id=\"4725a00\" data-element_type=\"column\">\n\t\t\t<div class=\"elementor-widget-wrap elementor-element-populated\">\n\t\t\t\t\t\t<section class=\"elementor-section elementor-inner-section elementor-element elementor-element-6f955b4 elementor-section-boxed elementor-section-height-default elementor-section-height-default\" data-id=\"6f955b4\" data-element_type=\"section\">\n\t\t\t\t\t\t<div class=\"elementor-container elementor-column-gap-no\">\n\t\t\t\t\t<div class=\"elementor-column elementor-col-100 elementor-inner-column elementor-element elementor-element-98e74d6\" data-id=\"98e74d6\" data-element_type=\"column\">\n\t\t\t<div class=\"elementor-widget-wrap elementor-element-populated\">\n\t\t\t\t\t\t<div class=\"elementor-element elementor-element-55a5f54 elementor-widget elementor-widget-heading\" data-id=\"55a5f54\" data-element_type=\"widget\" data-widget_type=\"heading.default\">\n\t\t\t\t<div class=\"elementor-widget-container\">\n\t\t\t\t\t<h1 class=\"elementor-heading-title elementor-size-default\"> Legal<\/br>\n notices <\/h1>\t\t\t\t<\/div>\n\t\t\t\t<\/div>\n\t\t\t\t\t<\/div>\n\t\t<\/div>\n\t\t\t\t\t<\/div>\n\t\t<\/section>\n\t\t\t\t\t<\/div>\n\t\t<\/div>\n\t\t\t\t\t<\/div>\n\t\t<\/section>\n\t\t\t\t<section class=\"elementor-section elementor-top-section elementor-element elementor-element-7d695f5d elementor-section-boxed elementor-section-height-default elementor-section-height-default\" data-id=\"7d695f5d\" data-element_type=\"section\">\n\t\t\t\t\t\t<div class=\"elementor-container elementor-column-gap-default\">\n\t\t\t\t\t<div class=\"elementor-column elementor-col-100 elementor-top-column elementor-element elementor-element-27e1ca03\" data-id=\"27e1ca03\" data-element_type=\"column\">\n\t\t\t<div class=\"elementor-widget-wrap elementor-element-populated\">\n\t\t\t\t\t\t<div class=\"elementor-element elementor-element-31b2f3c1 elementor-widget elementor-widget-text-editor\" data-id=\"31b2f3c1\" data-element_type=\"widget\" data-widget_type=\"text-editor.default\">\n\t\t\t\t<div class=\"elementor-widget-container\">\n\t\t\t\t\t\t\t\t\t<p><span style=\"font-size: 1.7em; font-weight: bold;\">Qui sommes-nous ?<\/span><\/p><div id=\"content\" class=\"content\" role=\"main\"><div class=\"vc_row wpb_row vc_row-fluid\"><div class=\"wpb_column vc_column_container vc_col-sm-12\"><div class=\"vc_column-inner\"><div class=\"wpb_wrapper\"><div class=\"wpb_text_column wpb_content_element \"><div class=\"wpb_wrapper\"><div class=\"vc_row wpb_row vc_row-fluid vc_column-gap-25\"><div class=\"wpb_column vc_column_container vc_col-sm-12\"><div class=\"vc_column-inner \"><div class=\"wpb_wrapper\"><div class=\"wpb_text_column wpb_content_element \"><div class=\"wpb_wrapper\"><p>L\u2019adresse de notre site Web est : <a href=\"https:\/\/billotdedecoupe.suisseweb.net\">https:\/\/billotdedecoupe.suisseweb.net<\/a><\/p><h3>\u00c9diteur<\/h3><p>Le site web est \u00e9dit\u00e9 par Laurent fahrner<\/p><p><strong>AIRA SAS<\/strong><br \/><strong>SIRET : 74692037000036<\/strong><\/p><p>140 bd Jean Jules Herbert<br \/>73100 Aix Les Bains<br \/>Tel. : 04 79 34 85 00<br \/>Fax. : 04 79 88 88 16<br \/>contact@aira73.com<\/p><h3>H\u00e9bergeur<\/h3><p>Il est h\u00e9berg\u00e9 par :<\/p><p>OVH<br \/>2 rue Kellermann<br \/>59100 Roubaix \u2014 France.<br \/><a href=\"https:\/\/www.ovh.com\/\" target=\"_blank\" rel=\"noopener noreferrer\">https:\/\/www.ovh.com\/<\/a><\/p><h3>Web design :<\/h3><p><a href=\"https:\/\/www.procomag.ch\" target=\"_blank\" rel=\"noopener noreferrer\">www.procomag.ch<\/a><\/p><h3>Cr\u00e9dits photos :<\/h3><p>xxx<br \/>xxx<\/p><h3>Collecte d\u2019informations et traitements :<\/h3><p>Ce site peut \u00eatre amen\u00e9 \u00e0 collecter des informations personnelles (nom, pr\u00e9noms, coordonn\u00e9es t\u00e9l\u00e9phoniques, E-mail et\/ou adresse IP).<br \/>Ces informations nous servent :<\/p><ul><li>A des fin statistiques (informations sur le trafic et l\u2019utilisation du site web, pages d\u2019acc\u00e8s et requ\u00eates r\u00e9f\u00e9rentes vers le site, adresses IP)<\/li><li>A r\u00e9pondre \u00e0 vos demandes via les formulaires du site (nom, pr\u00e9noms, coordonn\u00e9es t\u00e9l\u00e9phoniques,E-mail et adresse IP).<\/li><\/ul><h4>Donn\u00e9es saisies dans des formulaires:<\/h4><p>Quand vous nous contactez via un formulaire de contact du site :<\/p><ul><li>Votre message est transmit \u00e0 la personne en charge de votre demande (responsable technique du site, responsable du d\u00e9partement, responsable de formation ou service administratif)<br \/>Vos donn\u00e9es (adresse e-mail, nom et pr\u00e9noms, \u00e9changes de correspondance sont archiv\u00e9es pendant la dur\u00e9e de nos \u00e9changes, et au plus pendant 3 ans)<\/li><\/ul><h4>Suppression de vos donn\u00e9es personnelles.<\/h4><p>Vous pouvez \u00e0 tout moment demander la suppression de vos donn\u00e9es personnelles et le transfert des donn\u00e9es archiv\u00e9es sur le site en nous envoyant un mail \u00e0\u00a0 contact@aira73.com<\/p><h3>Cookies :<\/h3><p>La navigation sur notre site peut impliquer la pr\u00e9sence de cookies :<\/p><ul><li>Cr\u00e9\u00e9 par par notre h\u00e9bergeur (_240plan et_240planBAK) \u2013 https:\/\/www.ovh.com\/<\/li><li>Cr\u00e9\u00e9 par le wordpress, notre logiciel de publication (wordpress_test_cookie) \u2013 https:\/\/wordpress.org\/<\/li><\/ul><p>Par ailleurs, Le site fait appel \u00e0 des services tiers,qui peuvent provoquer l\u2019installation de cookie(s) sur l\u2019ordinateur de l\u2019utilisateur.<br \/>Un cookie est un fichier de petite taille, qui enregistre des informations relatives \u00e0 la navigation d\u2019un ordinateur sur un site. Les donn\u00e9es ainsi obtenues visent \u00e0 conserver des informations entre deux navigation sur un site.<br \/>Le refus d\u2019installation d\u2019un cookie peut entra\u00eener l\u2019impossibilit\u00e9 d\u2019acc\u00e9der \u00e0 certains services. L\u2019utilisateur peut toutefois configurer son ordinateur de la mani\u00e8re suivante, pour refuser l\u2019installation des cookies :<\/p><ul><li>Sous Internet Explorer : onglet outil (pictogramme en forme de rouage en haut \u00e0 droite)\/options internet. Cliquez sur Confidentialit\u00e9 et choisissez Bloquer tous les cookies. Validez sur Ok.<\/li><li>Sous Firefox : en haut de la fen\u00eatre du navigateur, cliquez sur le bouton Firefox, puis aller dans l\u2019onglet Options. Cliquer sur l\u2019onglet Vie priv\u00e9e. Param\u00e9trez les R\u00e8gles de conservation sur : utiliser les param\u00e8tres personnalis\u00e9s pour l\u2019historique. Enfin d\u00e9cochez-la pour d\u00e9sactiver les cookies.<\/li><li>Sous Safari : Cliquez en haut \u00e0 droite du navigateur sur le pictogramme de menu (symbolis\u00e9 par un rouage). S\u00e9lectionnez Param\u00e8tres. Cliquez sur Afficher les param\u00e8tres avanc\u00e9s. Dans la section \u00ab Confidentialit\u00e9 \u00bb, cliquez sur Param\u00e8tres de contenu. Dans la section \u00ab Cookies \u00bb, vous pouvez bloquer les cookies.<\/li><li>Sous Chrome : Cliquez en haut \u00e0 droite du navigateur sur le pictogramme de menu (symbolis\u00e9 par trois lignes horizontales). S\u00e9lectionnez Param\u00e8tres. Cliquez sur Afficher les param\u00e8tres avanc\u00e9s. Dans la section \u00ab Confidentialit\u00e9 \u00bb, cliquez sur pr\u00e9f\u00e9rences. Dans l\u2019onglet \u00ab Confidentialit\u00e9 \u00bb, vous pouvez bloquer les cookies.<\/li><\/ul><p>Certains outils tiers diffusent des publicit\u00e9s comportementales, vous pouvez utiliser <a href=\"http:\/\/www.youronlinechoices.com\/fr\/controler-ses-cookies\/\" target=\"_blank\" rel=\"noopener noreferrer\">ce service<\/a> pour voir les informations que vous partagez avec eux.<\/p><h3 id=\"listesdesservicestiers\">Liste des services tiers pouvant \u00eatre utilis\u00e9s sur le site :<\/h3><p>Ce site utilise des services tiers propos\u00e9s par des prestataires externes nous vous invitons \u00e0 consulter leurs politiques de collecte, d\u2019usage et traitement des donn\u00e9es:<\/p><h4>Services li\u00e9s \u00e0 l\u2019h\u00e9bergement :<\/h4><ul><li>OVH.COM<\/li><\/ul><h4>Services li\u00e9s aux statistiques :<\/h4><ul><li>Google analytics<\/li><\/ul><h4>Liens externes et int\u00e9gration de donn\u00e9es :<\/h4><p>Le site internet contient des liens hypertextes vers d\u2019autres sites. Cependant nous n\u2019avons pas la possibilit\u00e9 de v\u00e9rifier le contenu des sites ainsi visit\u00e9s, et n\u2019assumera en cons\u00e9quence aucune responsabilit\u00e9 de ce fait.<\/p><\/div><\/div><\/div><\/div><\/div><\/div><\/div><\/div><\/div><\/div><\/div><\/div><\/div>\t\t\t\t\t\t\t\t<\/div>\n\t\t\t\t<\/div>\n\t\t\t\t\t<\/div>\n\t\t<\/div>\n\t\t\t\t\t<\/div>\n\t\t<\/section>\n\t\t\t\t<\/div>\n\t\t","protected":false},"excerpt":{"rendered":"<p>Legal notices Qui sommes-nous ? L\u2019adresse de notre site Web est : https:\/\/billotdedecoupe.suisseweb.net \u00c9diteur Le site web est \u00e9dit\u00e9 par Laurent fahrner AIRA SASSIRET : 74692037000036 140 bd Jean Jules Herbert73100 Aix Les BainsTel. : 04 79 34 85 00Fax. : 04 79 88 88 16contact@aira73.com H\u00e9bergeur Il est h\u00e9berg\u00e9 par : OVH2 rue Kellermann59100 [&hellip;]<\/p>\n","protected":false},"author":1,"featured_media":0,"parent":0,"menu_order":50,"comment_status":"closed","ping_status":"closed","template":"","meta":{"site-sidebar-layout":"default","site-content-layout":"default","ast-site-content-layout":"default","site-content-style":"default","site-sidebar-style":"default","ast-global-header-display":"","ast-banner-title-visibility":"","ast-main-header-display":"","ast-hfb-above-header-display":"","ast-hfb-below-header-display":"","ast-hfb-mobile-header-display":"","site-post-title":"disabled","ast-breadcrumbs-content":"","ast-featured-img":"","footer-sml-layout":"","theme-transparent-header-meta":"enabled","adv-header-id-meta":"","stick-header-meta":"default","header-above-stick-meta":"","header-main-stick-meta":"","header-below-stick-meta":"","astra-migrate-meta-layouts":"default","ast-page-background-enabled":"default","ast-page-background-meta":{"desktop":{"background-color":"","background-image":"","background-repeat":"repeat","background-position":"center center","background-size":"auto","background-attachment":"scroll","background-type":"","background-media":"","overlay-type":"","overlay-color":"","overlay-opacity":"","overlay-gradient":""},"tablet":{"background-color":"","background-image":"","background-repeat":"repeat","background-position":"center center","background-size":"auto","background-attachment":"scroll","background-type":"","background-media":"","overlay-type":"","overlay-color":"","overlay-opacity":"","overlay-gradient":""},"mobile":{"background-color":"","background-image":"","background-repeat":"repeat","background-position":"center center","background-size":"auto","background-attachment":"scroll","background-type":"","background-media":"","overlay-type":"","overlay-color":"","overlay-opacity":"","overlay-gradient":""}},"ast-content-background-meta":{"desktop":{"background-color":"var(--ast-global-color-5)","background-image":"","background-repeat":"repeat","background-position":"center center","background-size":"auto","background-attachment":"scroll","background-type":"","background-media":"","overlay-type":"","overlay-color":"","overlay-opacity":"","overlay-gradient":""},"tablet":{"background-color":"var(--ast-global-color-5)","background-image":"","background-repeat":"repeat","background-position":"center center","background-size":"auto","background-attachment":"scroll","background-type":"","background-media":"","overlay-type":"","overlay-color":"","overlay-opacity":"","overlay-gradient":""},"mobile":{"background-color":"var(--ast-global-color-5)","background-image":"","background-repeat":"repeat","background-position":"center center","background-size":"auto","background-attachment":"scroll","background-type":"","background-media":"","overlay-type":"","overlay-color":"","overlay-opacity":"","overlay-gradient":""}},"footnotes":""},"class_list":["post-8783","page","type-page","status-publish","hentry"],"yoast_head":"<!-- This site is optimized with the Yoast SEO plugin v26.2 - https:\/\/yoast.com\/wordpress\/plugins\/seo\/ -->\n<title>Mentions l\u00e9gales - FAHRNER<\/title>\n<meta name=\"description\" content=\"Mentions l\u00e9gales - FAHRNER\" \/>\n<meta name=\"robots\" content=\"noindex, nofollow\" \/>\n<meta property=\"og:locale\" content=\"en_US\" \/>\n<meta property=\"og:type\" content=\"article\" \/>\n<meta property=\"og:title\" content=\"Mentions l\u00e9gales - FAHRNER\" \/>\n<meta property=\"og:description\" content=\"Mentions l\u00e9gales - FAHRNER\" \/>\n<meta property=\"og:url\" content=\"https:\/\/www.billotdedecoupe.fr\/en\/legal-notices\/\" \/>\n<meta property=\"og:site_name\" content=\"Billots de d\u00e9coupe FAHRNER\" \/>\n<meta property=\"article:modified_time\" content=\"2020-08-25T16:35:43+00:00\" \/>\n<meta name=\"twitter:label1\" content=\"Est. reading time\" \/>\n\t<meta name=\"twitter:data1\" content=\"3 minutes\" \/>\n<script type=\"application\/ld+json\" class=\"yoast-schema-graph\">{\"@context\":\"https:\/\/schema.org\",\"@graph\":[{\"@type\":\"WebPage\",\"@id\":\"https:\/\/www.billotdedecoupe.fr\/en\/legal-notices\/\",\"url\":\"https:\/\/www.billotdedecoupe.fr\/en\/legal-notices\/\",\"name\":\"Mentions l\u00e9gales - FAHRNER\",\"isPartOf\":{\"@id\":\"https:\/\/www.billotdedecoupe.fr\/en\/#website\"},\"datePublished\":\"2016-01-20T11:17:09+00:00\",\"dateModified\":\"2020-08-25T16:35:43+00:00\",\"description\":\"Mentions l\u00e9gales - FAHRNER\",\"breadcrumb\":{\"@id\":\"https:\/\/www.billotdedecoupe.fr\/en\/legal-notices\/#breadcrumb\"},\"inLanguage\":\"en-US\",\"potentialAction\":[{\"@type\":\"ReadAction\",\"target\":[\"https:\/\/www.billotdedecoupe.fr\/en\/legal-notices\/\"]}]},{\"@type\":\"BreadcrumbList\",\"@id\":\"https:\/\/www.billotdedecoupe.fr\/en\/legal-notices\/#breadcrumb\",\"itemListElement\":[{\"@type\":\"ListItem\",\"position\":1,\"name\":\"Accueil\",\"item\":\"https:\/\/www.billotdedecoupe.fr\/en\/\"},{\"@type\":\"ListItem\",\"position\":2,\"name\":\"Legal notices\"}]},{\"@type\":\"WebSite\",\"@id\":\"https:\/\/www.billotdedecoupe.fr\/en\/#website\",\"url\":\"https:\/\/www.billotdedecoupe.fr\/en\/\",\"name\":\"Billots de d\u00e9coupe FAHRNER\",\"description\":\"Depuis 1975\",\"publisher\":{\"@id\":\"https:\/\/www.billotdedecoupe.fr\/en\/#organization\"},\"potentialAction\":[{\"@type\":\"SearchAction\",\"target\":{\"@type\":\"EntryPoint\",\"urlTemplate\":\"https:\/\/www.billotdedecoupe.fr\/en\/?s={search_term_string}\"},\"query-input\":{\"@type\":\"PropertyValueSpecification\",\"valueRequired\":true,\"valueName\":\"search_term_string\"}}],\"inLanguage\":\"en-US\"},{\"@type\":\"Organization\",\"@id\":\"https:\/\/www.billotdedecoupe.fr\/en\/#organization\",\"name\":\"Billot de d\u00e9coupe\",\"url\":\"https:\/\/www.billotdedecoupe.fr\/en\/\",\"logo\":{\"@type\":\"ImageObject\",\"inLanguage\":\"en-US\",\"@id\":\"https:\/\/www.billotdedecoupe.fr\/en\/#\/schema\/logo\/image\/\",\"url\":\"https:\/\/www.billotdedecoupe.fr\/wp-content\/uploads\/2020\/02\/logo-ret-vint.png\",\"contentUrl\":\"https:\/\/www.billotdedecoupe.fr\/wp-content\/uploads\/2020\/02\/logo-ret-vint.png\",\"width\":380,\"height\":211,\"caption\":\"Billot de d\u00e9coupe\"},\"image\":{\"@id\":\"https:\/\/www.billotdedecoupe.fr\/en\/#\/schema\/logo\/image\/\"},\"sameAs\":[\"https:\/\/www.linkedin.com\/company\/fahrner-billots-de-dcoupe\/\",\"https:\/\/www.youtube.com\/channel\/UCJXIHBmxMvnUN-bDulD1aqw\"]}]}<\/script>\n<!-- \/ Yoast SEO plugin. -->","yoast_head_json":{"title":"Mentions l\u00e9gales - FAHRNER","description":"Mentions l\u00e9gales - FAHRNER","robots":{"index":"noindex","follow":"nofollow"},"og_locale":"en_US","og_type":"article","og_title":"Mentions l\u00e9gales - FAHRNER","og_description":"Mentions l\u00e9gales - FAHRNER","og_url":"https:\/\/www.billotdedecoupe.fr\/en\/legal-notices\/","og_site_name":"Billots de d\u00e9coupe FAHRNER","article_modified_time":"2020-08-25T16:35:43+00:00","twitter_misc":{"Est. reading time":"3 minutes"},"schema":{"@context":"https:\/\/schema.org","@graph":[{"@type":"WebPage","@id":"https:\/\/www.billotdedecoupe.fr\/en\/legal-notices\/","url":"https:\/\/www.billotdedecoupe.fr\/en\/legal-notices\/","name":"Mentions l\u00e9gales - FAHRNER","isPartOf":{"@id":"https:\/\/www.billotdedecoupe.fr\/en\/#website"},"datePublished":"2016-01-20T11:17:09+00:00","dateModified":"2020-08-25T16:35:43+00:00","description":"Mentions l\u00e9gales - FAHRNER","breadcrumb":{"@id":"https:\/\/www.billotdedecoupe.fr\/en\/legal-notices\/#breadcrumb"},"inLanguage":"en-US","potentialAction":[{"@type":"ReadAction","target":["https:\/\/www.billotdedecoupe.fr\/en\/legal-notices\/"]}]},{"@type":"BreadcrumbList","@id":"https:\/\/www.billotdedecoupe.fr\/en\/legal-notices\/#breadcrumb","itemListElement":[{"@type":"ListItem","position":1,"name":"Accueil","item":"https:\/\/www.billotdedecoupe.fr\/en\/"},{"@type":"ListItem","position":2,"name":"Legal notices"}]},{"@type":"WebSite","@id":"https:\/\/www.billotdedecoupe.fr\/en\/#website","url":"https:\/\/www.billotdedecoupe.fr\/en\/","name":"Billots de d\u00e9coupe FAHRNER","description":"Depuis 1975","publisher":{"@id":"https:\/\/www.billotdedecoupe.fr\/en\/#organization"},"potentialAction":[{"@type":"SearchAction","target":{"@type":"EntryPoint","urlTemplate":"https:\/\/www.billotdedecoupe.fr\/en\/?s={search_term_string}"},"query-input":{"@type":"PropertyValueSpecification","valueRequired":true,"valueName":"search_term_string"}}],"inLanguage":"en-US"},{"@type":"Organization","@id":"https:\/\/www.billotdedecoupe.fr\/en\/#organization","name":"Billot de d\u00e9coupe","url":"https:\/\/www.billotdedecoupe.fr\/en\/","logo":{"@type":"ImageObject","inLanguage":"en-US","@id":"https:\/\/www.billotdedecoupe.fr\/en\/#\/schema\/logo\/image\/","url":"https:\/\/www.billotdedecoupe.fr\/wp-content\/uploads\/2020\/02\/logo-ret-vint.png","contentUrl":"https:\/\/www.billotdedecoupe.fr\/wp-content\/uploads\/2020\/02\/logo-ret-vint.png","width":380,"height":211,"caption":"Billot de d\u00e9coupe"},"image":{"@id":"https:\/\/www.billotdedecoupe.fr\/en\/#\/schema\/logo\/image\/"},"sameAs":["https:\/\/www.linkedin.com\/company\/fahrner-billots-de-dcoupe\/","https:\/\/www.youtube.com\/channel\/UCJXIHBmxMvnUN-bDulD1aqw"]}]}},"_links":{"self":[{"href":"https:\/\/www.billotdedecoupe.fr\/en\/wp-json\/wp\/v2\/pages\/8783","targetHints":{"allow":["GET"]}}],"collection":[{"href":"https:\/\/www.billotdedecoupe.fr\/en\/wp-json\/wp\/v2\/pages"}],"about":[{"href":"https:\/\/www.billotdedecoupe.fr\/en\/wp-json\/wp\/v2\/types\/page"}],"author":[{"embeddable":true,"href":"https:\/\/www.billotdedecoupe.fr\/en\/wp-json\/wp\/v2\/users\/1"}],"replies":[{"embeddable":true,"href":"https:\/\/www.billotdedecoupe.fr\/en\/wp-json\/wp\/v2\/comments?post=8783"}],"version-history":[{"count":0,"href":"https:\/\/www.billotdedecoupe.fr\/en\/wp-json\/wp\/v2\/pages\/8783\/revisions"}],"wp:attachment":[{"href":"https:\/\/www.billotdedecoupe.fr\/en\/wp-json\/wp\/v2\/media?parent=8783"}],"curies":[{"name":"wp","href":"https:\/\/api.w.org\/{rel}","templated":true}]}}